
{"id":84,"date":"2018-12-06T10:29:12","date_gmt":"2018-12-06T09:29:12","guid":{"rendered":"https:\/\/przedszkole74.edu.wroclaw.pl\/?page_id=84"},"modified":"2020-03-27T17:49:56","modified_gmt":"2020-03-27T16:49:56","slug":"zdrowa-kuchnia","status":"publish","type":"page","link":"https:\/\/przedszkole74.edu.wroclaw.pl\/index.php\/o-nas\/zdrowa-kuchnia\/","title":{"rendered":"\u017bywienie"},"content":{"rendered":"\n<p style=\"font-weight: 400\"><b>W naszym przedszkolu doro\u015bli jak i dzieci wiedz\u0105, \u017ce w\u0142a\u015bciwy spos\u00f3b od\u017cywiania ma decyduj\u0105cy wp\u0142yw na zdrowie.<\/b><\/p>\n<p style=\"font-weight: 400\"><b>Przedszkolna kuchnia dba, aby wychowankowie jadali zdrowe, smaczne i \u015bwie\u017ce posi\u0142ki. Przygotowujemy i podajemy domowe dania. Panie kucharki same robi\u0105 pierogi, knedle, racuszki czy nale\u015bniki. Wypiekaj\u0105 rogaliki i pyszne ciasta na podwieczorek. Piek\u0105 r\u00f3wnie\u017c mi\u0119so do kanapek i do obiadu (karczek, szynk\u0119, \u0142opatk\u0119 czy schab) oraz w\u0142asnor\u0119cznie robi\u0105 pasztet.<\/b><\/p>\n<p style=\"font-weight: 400\"><b>We wtorki dzieci maj\u0105 na \u015bniadanie \u201eszwedzki st\u00f3\u0142\u201d i wtedy to same szykuj\u0105 sobie kanapki z przygotowanych produkt\u00f3w.<\/b><\/p>\n<p style=\"font-weight: 400\"><b>\u00a0<\/b><strong>Do przedszkolnego jad\u0142ospisu w\u0142\u0105czyli\u015bmy : kisiel i budy\u0144 w\u0142asnor\u0119cznie wykonane oraz \u015bwie\u017co wyciskane soki z owoc\u00f3w i warzyw.<\/strong><\/p>\n","protected":false},"excerpt":{"rendered":"<p>W naszym przedszkolu doro\u015bli jak i dzieci wiedz\u0105, \u017ce w\u0142a\u015bciwy spos\u00f3b od\u017cywiania ma decyduj\u0105cy wp\u0142yw na zdrowie. Przedszkolna kuchnia dba, aby wychowankowie jadali zdrowe, smaczne i \u015bwie\u017ce posi\u0142ki. Przygotowujemy i [&hellip;]<\/p>\n","protected":false},"author":15,"featured_media":0,"parent":69,"menu_order":0,"comment_status":"closed","ping_status":"closed","template":"","meta":{"ngg_post_thumbnail":0,"footnotes":""},"class_list":["post-84","page","type-page","status-publish","hentry","clearfix"],"_links":{"self":[{"href":"https:\/\/przedszkole74.edu.wroclaw.pl\/index.php\/wp-json\/wp\/v2\/pages\/84","targetHints":{"allow":["GET"]}}],"collection":[{"href":"https:\/\/przedszkole74.edu.wroclaw.pl\/index.php\/wp-json\/wp\/v2\/pages"}],"about":[{"href":"https:\/\/przedszkole74.edu.wroclaw.pl\/index.php\/wp-json\/wp\/v2\/types\/page"}],"author":[{"embeddable":true,"href":"https:\/\/przedszkole74.edu.wroclaw.pl\/index.php\/wp-json\/wp\/v2\/users\/15"}],"replies":[{"embeddable":true,"href":"https:\/\/przedszkole74.edu.wroclaw.pl\/index.php\/wp-json\/wp\/v2\/comments?post=84"}],"version-history":[{"count":4,"href":"https:\/\/przedszkole74.edu.wroclaw.pl\/index.php\/wp-json\/wp\/v2\/pages\/84\/revisions"}],"predecessor-version":[{"id":439,"href":"https:\/\/przedszkole74.edu.wroclaw.pl\/index.php\/wp-json\/wp\/v2\/pages\/84\/revisions\/439"}],"up":[{"embeddable":true,"href":"https:\/\/przedszkole74.edu.wroclaw.pl\/index.php\/wp-json\/wp\/v2\/pages\/69"}],"wp:attachment":[{"href":"https:\/\/przedszkole74.edu.wroclaw.pl\/index.php\/wp-json\/wp\/v2\/media?parent=84"}],"curies":[{"name":"wp","href":"https:\/\/api.w.org\/{rel}","templated":true}]}}