
{"id":81,"date":"2018-12-06T10:19:10","date_gmt":"2018-12-06T09:19:10","guid":{"rendered":"https:\/\/przedszkole74.edu.wroclaw.pl\/?page_id=81"},"modified":"2026-03-09T11:33:51","modified_gmt":"2026-03-09T10:33:51","slug":"zajecia-dodatkowe","status":"publish","type":"page","link":"https:\/\/przedszkole74.edu.wroclaw.pl\/index.php\/o-nas\/zajecia-dodatkowe\/","title":{"rendered":"Zaj\u0119cia dodatkowe"},"content":{"rendered":"<div class=\"wpb-content-wrapper\"><p>[vc_row][vc_column][vc_column_text css=&#8221;&#8221;]<\/p>\r\n<p><span style=\"color: #319439\"><b>GIMNASTYKA OG\u00d3LNOROZWOJOWA<\/b><\/span><\/p>\r\n<p><span style=\"color: #319439\"><b>RELIGIA<\/b><\/span><\/p>\r\n<p><span style=\"color: #319439\"><b>LOGOPEDA<\/b><\/span><\/p>\r\n<p><span style=\"color: #319439\"><b>WARSZTATY RYTMICZNE<\/b><\/span><\/p>\r\n<p><span style=\"color: #319439\"><b>J\u0118ZYK ANGIELSKI<\/b><\/span><\/p>\r\n<p><span style=\"color: #319439\"><b>ZAJ\u0118CIA RUCHOWE &#8222;MALI WSPANIALI&#8221;<\/b><\/span><\/p>\r\n<p>&nbsp;<\/p>\r\n<p>&nbsp;<\/p>\r\n\r\n<p>&nbsp;<\/p>\r\n<p>[\/vc_column_text][\/vc_column][\/vc_row]<\/p><\/div>","protected":false},"excerpt":{"rendered":"<p>[vc_row][vc_column][vc_column_text css=&#8221;&#8221;] GIMNASTYKA OG\u00d3LNOROZWOJOWA RELIGIA LOGOPEDA WARSZTATY RYTMICZNE J\u0118ZYK ANGIELSKI ZAJ\u0118CIA RUCHOWE &#8222;MALI WSPANIALI&#8221; &nbsp; &nbsp; &nbsp; [\/vc_column_text][\/vc_column][\/vc_row]<\/p>\n","protected":false},"author":15,"featured_media":0,"parent":69,"menu_order":2,"comment_status":"closed","ping_status":"closed","template":"","meta":{"ngg_post_thumbnail":0,"footnotes":""},"class_list":["post-81","page","type-page","status-publish","hentry","clearfix"],"_links":{"self":[{"href":"https:\/\/przedszkole74.edu.wroclaw.pl\/index.php\/wp-json\/wp\/v2\/pages\/81","targetHints":{"allow":["GET"]}}],"collection":[{"href":"https:\/\/przedszkole74.edu.wroclaw.pl\/index.php\/wp-json\/wp\/v2\/pages"}],"about":[{"href":"https:\/\/przedszkole74.edu.wroclaw.pl\/index.php\/wp-json\/wp\/v2\/types\/page"}],"author":[{"embeddable":true,"href":"https:\/\/przedszkole74.edu.wroclaw.pl\/index.php\/wp-json\/wp\/v2\/users\/15"}],"replies":[{"embeddable":true,"href":"https:\/\/przedszkole74.edu.wroclaw.pl\/index.php\/wp-json\/wp\/v2\/comments?post=81"}],"version-history":[{"count":4,"href":"https:\/\/przedszkole74.edu.wroclaw.pl\/index.php\/wp-json\/wp\/v2\/pages\/81\/revisions"}],"predecessor-version":[{"id":7060,"href":"https:\/\/przedszkole74.edu.wroclaw.pl\/index.php\/wp-json\/wp\/v2\/pages\/81\/revisions\/7060"}],"up":[{"embeddable":true,"href":"https:\/\/przedszkole74.edu.wroclaw.pl\/index.php\/wp-json\/wp\/v2\/pages\/69"}],"wp:attachment":[{"href":"https:\/\/przedszkole74.edu.wroclaw.pl\/index.php\/wp-json\/wp\/v2\/media?parent=81"}],"curies":[{"name":"wp","href":"https:\/\/api.w.org\/{rel}","templated":true}]}}