
{"id":73,"date":"2018-12-03T13:39:59","date_gmt":"2018-12-03T12:39:59","guid":{"rendered":"https:\/\/przedszkole74.edu.wroclaw.pl\/?page_id=73"},"modified":"2023-02-02T11:31:26","modified_gmt":"2023-02-02T10:31:26","slug":"rodo","status":"publish","type":"page","link":"https:\/\/przedszkole74.edu.wroclaw.pl\/index.php\/rodo\/","title":{"rendered":"RODO"},"content":{"rendered":"\r\n<p><span style=\"font-size: 14pt\"><strong>RODO<\/strong><\/span><\/p>\r\n<p>Inspektor Ochrony Danych Osobowych Przedszkola Nr 74 &#8222;Ma\u0142y piekarczyk&#8221;<\/p>\r\n<p>Izabela Grzybowska<\/p>\r\n<p>kontakt<\/p>\r\n<p>inspektor@coreconsulting.pl<\/p>\r\n<p>CORE Consulting<\/p>\r\n<p>ul. Wy\u0142om 16<\/p>\r\n<p>61-671 Pozna\u0144<\/p>\r\n<p><a href=\"https:\/\/przedszkole74.edu.wroclaw.pl\/wp-content\/uploads\/sites\/40\/2022\/02\/RODO-informacje-ogolne.docx\">RODO-informacje-ogolne<\/a><\/p>\r\n<p><a href=\"https:\/\/przedszkole74.edu.wroclaw.pl\/wp-content\/uploads\/sites\/40\/2022\/02\/Zal.-7g.-Klauzula-zamowienia-publiczne-1-21.05.21.docx\">Za\u0142. 7g. Klauzula &#8211; zam\u00f3wienia publiczne<\/a><\/p>\r\n<p><a href=\"https:\/\/przedszkole74.edu.wroclaw.pl\/wp-content\/uploads\/sites\/40\/2022\/01\/Zal.-7n.-Klauzula-edukacja-dziecka-w-placowce.docx\">Za\u0142. 7n. Klauzula &#8211; edukacja dziecka w plac\u00f3wce<\/a><\/p>\r\n<p><a href=\"https:\/\/przedszkole74.edu.wroclaw.pl\/wp-content\/uploads\/sites\/40\/2022\/01\/Zal.-7k.-Klauzula-rekrutacja-pracownika.docx\">Za\u0142. 7k. Klauzula &#8211; rekrutacja pracownika<\/a><\/p>\r\n<p><a href=\"https:\/\/przedszkole74.edu.wroclaw.pl\/wp-content\/uploads\/sites\/40\/2022\/01\/Zal.-7l.-Klauzula-pracownik-nauczyciel.docx\">Za\u0142. 7l. Klauzula &#8211; pracownik &#8211; nauczyciel<\/a><\/p>\r\n<p><a href=\"https:\/\/przedszkole74.edu.wroclaw.pl\/wp-content\/uploads\/sites\/40\/2022\/01\/Zal.-7m.-Klauzula-pracownik-samorzadowy.docx\">Za\u0142. 7m. Klauzula &#8211; pracownik samorz\u0105dowy<\/a><\/p>\r\n<p><a href=\"https:\/\/przedszkole74.edu.wroclaw.pl\/wp-content\/uploads\/sites\/40\/2022\/01\/Zal.-7c.-Klauzula-korespondencja-elektroniczna.docx\">Za\u0142. 7c. Klauzula &#8211; korespondencja elektroniczna<\/a><\/p>\r\n<p><a href=\"https:\/\/przedszkole74.edu.wroclaw.pl\/wp-content\/uploads\/sites\/40\/2022\/01\/Zal.-7.-Klauzula-zlozenie-pisma-w-placowce.docx\">Za\u0142. 7. Klauzula &#8211; z\u0142o\u017cenie pisma w plac\u00f3wce<\/a><\/p>\r\n<p><a href=\"https:\/\/przedszkole74.edu.wroclaw.pl\/wp-content\/uploads\/sites\/40\/2022\/01\/Zal.-7h.-Klauzula-umowa-najmu.docx\">Za\u0142. 7h. Klauzula &#8211; umowa najmu<\/a><\/p>\r\n<p><a href=\"https:\/\/przedszkole74.edu.wroclaw.pl\/wp-content\/uploads\/sites\/40\/2022\/01\/Zal.-7b.-Klauzula-postepowanie-administracyjne.docx\">Za\u0142. 7b. Klauzula post\u0119powanie administracyjne<\/a><\/p>\r\n<p><a href=\"https:\/\/przedszkole74.edu.wroclaw.pl\/wp-content\/uploads\/sites\/40\/2022\/01\/Zal.-7e.-Klauzula-strona-www.docx\">Za\u0142. 7e. Klauzula &#8211; strona www<\/a><\/p>\r\n<p><a href=\"https:\/\/przedszkole74.edu.wroclaw.pl\/wp-content\/uploads\/sites\/40\/2022\/01\/Zal.-7f.-Klauzula-umowa.docx\">Za\u0142. 7f. Klauzula &#8211; umowa<\/a><\/p>\r\n<p><a href=\"https:\/\/przedszkole74.edu.wroclaw.pl\/wp-content\/uploads\/sites\/40\/2022\/01\/Zal.-7j.-Kauzula-wolontariusz.docx\">Za\u0142. 7j. Klauzula &#8211; wolontariusz<\/a><\/p>\r\n<p><a href=\"https:\/\/przedszkole74.edu.wroclaw.pl\/wp-content\/uploads\/sites\/40\/2022\/01\/Zal.-7p.-Klauzula-opiekun-wycieczki.docx\">Za\u0142. 7p. Klauzula &#8211; opiekun wycieczki<\/a><\/p>\r\n<p><a href=\"https:\/\/przedszkole74.edu.wroclaw.pl\/wp-content\/uploads\/sites\/40\/2022\/01\/Zal.-7x.-Klauzula-dla-osob-upowaznionych-do-odbioru-dziecka-z-przedszkola.docx\">Za\u0142. 7x. Klauzula &#8211; dla os\u00f3b upowa\u017cnionych do odbioru dziecka z przedszkola<\/a><\/p>\r\n<p><a href=\"https:\/\/przedszkole74.edu.wroclaw.pl\/wp-content\/uploads\/sites\/40\/2022\/02\/Zal.-7s-Klauzula-praca-spolecznie-uzyteczna.docx\">Za\u0142. 7s Klauzula &#8211; praca spo\u0142ecznie u\u017cyteczna<\/a><\/p>\r\n<p><a href=\"https:\/\/przedszkole74.edu.wroclaw.pl\/wp-content\/uploads\/sites\/40\/2022\/02\/Zal.-7u.-Klauzula-praktykanci.docx\">Za\u0142. 7u. Klauzula praktykanci<\/a><\/p>\r\n<p><a href=\"https:\/\/przedszkole74.edu.wroclaw.pl\/wp-content\/uploads\/sites\/40\/2023\/01\/Zal.-7x.-Klauzula-dla-osob-upowaznionych-do-odbioru-dziecka-z-przedszkola.docx\">Za\u0142. 7x. Klauzula &#8211; dla os\u00f3b upowa\u017cnionych do odbioru dziecka z przedszkola<\/a><\/p>\r\n<p><a href=\"https:\/\/przedszkole74.edu.wroclaw.pl\/wp-content\/uploads\/sites\/40\/2023\/02\/Zal.-7y.-Klauzula-PPK.docx\" target=\"_blank\" rel=\"noopener\">Za\u0142. 7y. Klauzula &#8211; PPK<\/a><\/p>\r\n<p>&nbsp;<\/p>\r\n<p>&nbsp;<\/p>\r\n","protected":false},"excerpt":{"rendered":"<p>RODO Inspektor Ochrony Danych Osobowych Przedszkola Nr 74 &#8222;Ma\u0142y piekarczyk&#8221; Izabela Grzybowska kontakt inspektor@coreconsulting.pl CORE Consulting ul. Wy\u0142om 16 61-671 Pozna\u0144 RODO-informacje-ogolne Za\u0142. 7g. Klauzula &#8211; zam\u00f3wienia publiczne Za\u0142. 7n. [&hellip;]<\/p>\n","protected":false},"author":15,"featured_media":0,"parent":0,"menu_order":0,"comment_status":"closed","ping_status":"closed","template":"","meta":{"ngg_post_thumbnail":0,"footnotes":""},"class_list":["post-73","page","type-page","status-publish","hentry","clearfix"],"_links":{"self":[{"href":"https:\/\/przedszkole74.edu.wroclaw.pl\/index.php\/wp-json\/wp\/v2\/pages\/73","targetHints":{"allow":["GET"]}}],"collection":[{"href":"https:\/\/przedszkole74.edu.wroclaw.pl\/index.php\/wp-json\/wp\/v2\/pages"}],"about":[{"href":"https:\/\/przedszkole74.edu.wroclaw.pl\/index.php\/wp-json\/wp\/v2\/types\/page"}],"author":[{"embeddable":true,"href":"https:\/\/przedszkole74.edu.wroclaw.pl\/index.php\/wp-json\/wp\/v2\/users\/15"}],"replies":[{"embeddable":true,"href":"https:\/\/przedszkole74.edu.wroclaw.pl\/index.php\/wp-json\/wp\/v2\/comments?post=73"}],"version-history":[{"count":17,"href":"https:\/\/przedszkole74.edu.wroclaw.pl\/index.php\/wp-json\/wp\/v2\/pages\/73\/revisions"}],"predecessor-version":[{"id":6881,"href":"https:\/\/przedszkole74.edu.wroclaw.pl\/index.php\/wp-json\/wp\/v2\/pages\/73\/revisions\/6881"}],"wp:attachment":[{"href":"https:\/\/przedszkole74.edu.wroclaw.pl\/index.php\/wp-json\/wp\/v2\/media?parent=73"}],"curies":[{"name":"wp","href":"https:\/\/api.w.org\/{rel}","templated":true}]}}