
{"id":71,"date":"2018-12-03T13:39:47","date_gmt":"2018-12-03T12:39:47","guid":{"rendered":"https:\/\/przedszkole74.edu.wroclaw.pl\/?page_id=71"},"modified":"2026-02-05T14:15:34","modified_gmt":"2026-02-05T13:15:34","slug":"dokumenty","status":"publish","type":"page","link":"https:\/\/przedszkole74.edu.wroclaw.pl\/index.php\/dokumenty\/","title":{"rendered":"Dokumenty"},"content":{"rendered":"<div class=\"wpb-content-wrapper\">[vc_row][vc_column][vc_gallery type=&#8221;image_grid&#8221; images=&#8221;7038,7037,7036,7035,7034,7033,7031,7030,7039,7040,7042&#8243; css=&#8221;&#8221; title=&#8221;STANDARDY OCHRONY MA\u0141OLETNICH&#8221;][vc_column_text css=&#8221;&#8221;]<a href=\"https:\/\/przedszkole74.edu.wroclaw.pl\/wp-content\/uploads\/sites\/40\/2025\/08\/8a.-Zgoda-na-wizerunek-na-www.pdf\">8a.-Zgoda-na-wizerunek-na-www<\/a>\r\n\r\n<a href=\"https:\/\/przedszkole74.edu.wroclaw.pl\/wp-content\/uploads\/sites\/40\/2025\/08\/upowaznienie-do-odbioru-dziecka-2025-2026.pdf\">upowa\u017cnienie do odbioru dziecka 2025-2026<\/a>\r\n\r\n<a href=\"https:\/\/przedszkole74.edu.wroclaw.pl\/wp-content\/uploads\/sites\/40\/2025\/08\/Deklaracja-2025-2026.pdf\">Deklaracja 2025-2026<\/a>\r\n\r\n<a href=\"https:\/\/przedszkole74.edu.wroclaw.pl\/wp-content\/uploads\/sites\/40\/2021\/08\/Oswiadczenie-wielodzietnosc.pdf\">O\u015aWIADCZENIE O WIELODZIETNO\u015aCI -ZWOLNIENIE Z OP\u0141ATY STA\u0141EJ<\/a>\r\n\r\n&nbsp;\r\n\r\n<a href=\"https:\/\/przedszkole74.edu.wroclaw.pl\/wp-content\/uploads\/sites\/40\/2024\/08\/Standardy-reguly-ochrony-maloletnich-przed-krzywdzeniem-w-przedszkolu-.pdf\">Standardy (regu\u0142y) ochrony ma\u0142oletnich przed krzywdzeniem w przedszkolu<\/a>\r\n\r\n<a href=\"https:\/\/przedszkole74.edu.wroclaw.pl\/wp-content\/uploads\/sites\/40\/2025\/11\/standardy_plakat.pdf\" target=\"_blank\" rel=\"noopener\">STANDARDY OCHRONY WERSJA OBRAZKOWA<\/a>\r\n\r\n&nbsp;\r\n\r\n<a href=\"https:\/\/przedszkole74.edu.wroclaw.pl\/wp-content\/uploads\/sites\/40\/2023\/04\/PROCEDURY.pdf\">PROCEDURY<\/a>\r\n\r\n<a href=\"https:\/\/przedszkole74.edu.wroclaw.pl\/wp-content\/uploads\/sites\/40\/2024\/08\/Statut-od-15.03-2022-r-1.pdf\">Statut od 15.03 2022 r.<\/a>\r\n\r\n<a href=\"https:\/\/przedszkole74.edu.wroclaw.pl\/wp-content\/uploads\/sites\/40\/2021\/03\/showWydrukPage.pdf\">RAPORT O STANIE ZAPEWNIENIA DOST\u0118PNO\u015aCI<\/a>\r\n\r\n<a href=\"https:\/\/przedszkole74.edu.wroclaw.pl\/wp-content\/uploads\/sites\/40\/2020\/05\/Zarz\u0105dzenie-Dyrektora-Przedszkola-Nr-74.pdf\">Zarz\u0105dzenie Dyrektora Przedszkola Nr 74<\/a>\r\n\r\n<a href=\"https:\/\/przedszkole74.edu.wroclaw.pl\/wp-content\/uploads\/sites\/40\/2020\/04\/PROCEDURA-BEZPIECZE\u0143STWA-W-PRZEDSZKOLU-NR-74.pdf\">PROCEDURA BEZPIECZE\u0143STWA W PRZEDSZKOLU NR 74<\/a>\r\n\r\n<a href=\"https:\/\/przedszkole74.edu.wroclaw.pl\/wp-content\/uploads\/sites\/40\/2020\/04\/PROCEDURA-SZYBKIEJ-\u015aCIE\u017bKI-KOMUNIKACJI-Z-RODZICAMI-W-PRZEDSZKOLU-Nr-74.pdf\">PROCEDURA SZYBKIEJ \u015aCIE\u017bKI KOMUNIKACJI Z RODZICAMI W PRZEDSZKOLU Nr 74<\/a>\r\n\r\n<a href=\"https:\/\/przedszkole74.edu.wroclaw.pl\/wp-content\/uploads\/sites\/40\/2020\/04\/PROCEDURA-PRZYPROWADZANIA-I-ODBIERANIA-DZIECKA-OBOWI\u0104ZUJ\u0104CA-RODZIC\u00d3W.pdf\">PROCEDURA PRZYPROWADZANIA I ODBIERANIA DZIECKA OBOWI\u0104ZUJ\u0104CA RODZIC\u00d3W<\/a>\r\n\r\n<a href=\"https:\/\/przedszkole74.edu.wroclaw.pl\/wp-content\/uploads\/sites\/40\/2020\/04\/PROCEDURA-POST\u0118POWANIA-NA-WYPADEK-PODEJRZENIA-WYST\u0104PIENIA-ZAKA\u017bENIA-KORONAWIRUSEM.pdf\">PROCEDURA POST\u0118POWANIA NA WYPADEK PODEJRZENIA WYST\u0104PIENIA ZAKA\u017bENIA KORONAWIRUSEM<\/a>\r\n\r\n<a href=\"https:\/\/przedszkole74.edu.wroclaw.pl\/wp-content\/uploads\/sites\/40\/2020\/04\/PROCEDURA-PRZEBYWANIA-DZIECKA-NA-\u015aWIE\u017bYM-POWIETRZU-W-PRZEDSZKOLU-NR-74.pdf\">PROCEDURA PRZEBYWANIA DZIECKA NA \u015aWIE\u017bYM POWIETRZU W PRZEDSZKOLU NR 74<\/a>\r\n\r\n<a href=\"https:\/\/przedszkole74.edu.wroclaw.pl\/wp-content\/uploads\/sites\/40\/2025\/03\/Procedura-wspolpracy-ze-specjalistami.pdf\">Procedura wsp\u00f3\u0142pracy ze specjalistami<\/a>\r\n\r\n<a href=\"https:\/\/przedszkole74.edu.wroclaw.pl\/wp-content\/uploads\/sites\/40\/2019\/05\/misja-i-wizja-przedszkola.pdf\">Misja i wizja przedszkola<\/a>\r\n\r\n<a href=\"https:\/\/przedszkole74.edu.wroclaw.pl\/wp-content\/uploads\/sites\/40\/2019\/05\/koncepcja-pracy-przedszkola.pdf\">Najwa\u017cniejsze za\u0142o\u017cenia koncepcji pracy przedszkola<\/a>\r\n\r\n<a href=\"https:\/\/przedszkole74.edu.wroclaw.pl\/wp-content\/uploads\/sites\/40\/2025\/11\/procedura-odprowadzania-dzieci.pdf\" target=\"_blank\" rel=\"noopener\">Procedura przyprowadzania i odbioru dzieci z przedszkola<\/a>\r\n\r\n<a href=\"https:\/\/przedszkole74.edu.wroclaw.pl\/wp-content\/uploads\/sites\/40\/2019\/05\/ustawa-o-systemie-oswiaty-tekst-jednolity-2015.pdf\">Uchwa\u0142a o systemie o\u015bwiaty<\/a>\r\n\r\n<a href=\"https:\/\/przedszkole74.edu.wroclaw.pl\/wp-content\/uploads\/sites\/40\/2019\/05\/17.06.2016-zalacznik-nr-1-do-podst.-progr.-kszt.-ogolnego.pdf\">Podstawa programowa dla przedszkoli<\/a>\r\n\r\n[\/vc_column_text][\/vc_column][\/vc_row]<!-- \/wp:post-content --><\/div>","protected":false},"excerpt":{"rendered":"<p>[vc_row][vc_column][vc_gallery type=&#8221;image_grid&#8221; images=&#8221;7038,7037,7036,7035,7034,7033,7031,7030,7039,7040,7042&#8243; css=&#8221;&#8221; title=&#8221;STANDARDY OCHRONY MA\u0141OLETNICH&#8221;][vc_column_text css=&#8221;&#8221;]8a.-Zgoda-na-wizerunek-na-www upowa\u017cnienie do odbioru dziecka 2025-2026 Deklaracja 2025-2026 O\u015aWIADCZENIE O WIELODZIETNO\u015aCI -ZWOLNIENIE Z OP\u0141ATY STA\u0141EJ &nbsp; Standardy (regu\u0142y) ochrony ma\u0142oletnich przed krzywdzeniem w [&hellip;]<\/p>\n","protected":false},"author":15,"featured_media":0,"parent":0,"menu_order":0,"comment_status":"closed","ping_status":"closed","template":"","meta":{"ngg_post_thumbnail":0,"footnotes":""},"class_list":["post-71","page","type-page","status-publish","hentry","clearfix"],"_links":{"self":[{"href":"https:\/\/przedszkole74.edu.wroclaw.pl\/index.php\/wp-json\/wp\/v2\/pages\/71","targetHints":{"allow":["GET"]}}],"collection":[{"href":"https:\/\/przedszkole74.edu.wroclaw.pl\/index.php\/wp-json\/wp\/v2\/pages"}],"about":[{"href":"https:\/\/przedszkole74.edu.wroclaw.pl\/index.php\/wp-json\/wp\/v2\/types\/page"}],"author":[{"embeddable":true,"href":"https:\/\/przedszkole74.edu.wroclaw.pl\/index.php\/wp-json\/wp\/v2\/users\/15"}],"replies":[{"embeddable":true,"href":"https:\/\/przedszkole74.edu.wroclaw.pl\/index.php\/wp-json\/wp\/v2\/comments?post=71"}],"version-history":[{"count":35,"href":"https:\/\/przedszkole74.edu.wroclaw.pl\/index.php\/wp-json\/wp\/v2\/pages\/71\/revisions"}],"predecessor-version":[{"id":7048,"href":"https:\/\/przedszkole74.edu.wroclaw.pl\/index.php\/wp-json\/wp\/v2\/pages\/71\/revisions\/7048"}],"wp:attachment":[{"href":"https:\/\/przedszkole74.edu.wroclaw.pl\/index.php\/wp-json\/wp\/v2\/media?parent=71"}],"curies":[{"name":"wp","href":"https:\/\/api.w.org\/{rel}","templated":true}]}}