
{"id":69,"date":"2018-12-03T13:39:24","date_gmt":"2018-12-03T12:39:24","guid":{"rendered":"https:\/\/przedszkole74.edu.wroclaw.pl\/?page_id=69"},"modified":"2022-10-11T13:23:31","modified_gmt":"2022-10-11T11:23:31","slug":"o-nas","status":"publish","type":"page","link":"https:\/\/przedszkole74.edu.wroclaw.pl\/index.php\/o-nas\/","title":{"rendered":"O nas"},"content":{"rendered":"<p><\/p>\r\n<p style=\"text-align: center\"><span style=\"font-size: 14pt\"><strong>KADRA PRZEDSZKOLA<\/strong><\/span><\/p>\r\n<p style=\"text-align: center\">DYREKTOR PRZEDSZKOLA mgr Marzena Terka<\/p>\r\n<p style=\"text-align: center\">tel. 71 7986812 wew. 101\u00a0 \u00a0 email: marzena.terka@wroclawskaedukacja.pl<\/p>\r\n<p>&nbsp;<\/p>\r\n<p style=\"text-align: center\">WICEDYREKTOR PRZEDSZKOLA mgr Barbara Kramarzewska<\/p>\r\n<p style=\"text-align: center\">tel. 71 7986812 wew.102 email: barbara.kramarzewska@wroclawskaedukacja.pl<\/p>\r\n<p style=\"text-align: center\">\u00a0<\/p>\r\n<p style=\"text-align: center\">INTENDENT PRZEDSZKOLA: Bo\u017cena Nasadowska<\/p>\r\n<p style=\"text-align: center\">tel. 71 7986812 wew. 100\u00a0 \u00a0 email: bnasadowska1306@wroclawskaedukacja.pl<\/p>\r\n<p>&nbsp;<\/p>\r\n<p>&nbsp;<\/p>\r\n<h3 class=\"naglowek2\" style=\"text-align: center\">W NASZYM PRZEDSZKOLU<\/h3>\r\n<p><b><span style=\"color: #317bad\">Spe\u0142niamy oczekiwania dzieci i rodzic\u00f3w.<br \/>Gwarantujemy do\u015bwiadczonych i wykszta\u0142conych nauczycieli wspieraj\u0105cych indywidualny rozw\u00f3j dziecka.<br \/>Stwarzamy dzieciom warunki do bezbolesnej adaptacji.<br \/>Przybli\u017camy dziecku nasze miasto, jego zabytki, histori\u0119 i ciekawych ludzi.<br \/>Systematycznie wsp\u00f3\u0142pracujemy z instytucjami \u015brodowiska lokalnego.<br \/>Tworzymy warunki sprzyjaj\u0105ce rozwojowi postawy proekologicznej i prozdrowotnej.<br \/>Wspieramy indywidualny rozw\u00f3j osobowo\u015bci dziecka we wszystkich jego sferach.<br \/>Kultywujemy zwyczaje i tradycje \u015bwi\u0105t ko\u015bcielnych i pa\u0144stwowych.<br \/>Bogactwo r\u00f3\u017cnorodnych stroj\u00f3w ludowych wyr\u00f3\u017cnia nas w \u015brodowisku.<\/span><\/b><\/p>\r\n<p><span style=\"color: #008080\"><strong>Przedszkole posiada certyfikaty:<\/strong><\/span><\/p>\r\n<p><span style=\"color: #008080\"><strong> &#8222;Przedszkole promuj\u0105ce zdrowie&#8221;<\/strong><\/span><\/p>\r\n<p><span style=\"color: #008080\"><strong>&#8222;Wroc\u0142awskie dzieci ucz\u0105 segregowa\u0107\u00a0 \u015bmieci&#8221;<\/strong><\/span><\/p>\r\n<p><span style=\"color: #008080\"><strong>&#8222;Dolno\u015bl\u0105ska sie\u0107 przedszkoli i szk\u00f3\u0142 ekologicznych&#8221;<\/strong><\/span><\/p>\r\n<p><span style=\"color: #008080\"><strong>&#8222;Przedszkole z certyfikatem promowania aktywno\u015bci fizycznej&#8221;<\/strong><\/span><\/p>\r\n<p><span style=\"color: #008080\"><strong>&#8222;Akademia Aquafresh&#8221;<\/strong><\/span><\/p>\r\n<p><span style=\"color: #008080\"><strong>&#8222;Zielona flaga&#8221;<\/strong><\/span><\/p>\r\n<p><span style=\"color: #008080\"><strong>&#8222;Certyfikat zdrowego i racjonalnego \u017cywienia&#8221;<\/strong><\/span><\/p>\r\n<p><span style=\"color: #008080\"><strong>Certyfikat stosowania nowatorskiej metody nauczania &#8222;Przez \u015bmiech do wiedzy&#8221;<\/strong><\/span><\/p>\r\n","protected":false},"excerpt":{"rendered":"<p>KADRA PRZEDSZKOLA DYREKTOR PRZEDSZKOLA mgr Marzena Terka tel. 71 7986812 wew. 101\u00a0 \u00a0 email: marzena.terka@wroclawskaedukacja.pl &nbsp; WICEDYREKTOR PRZEDSZKOLA mgr Barbara Kramarzewska tel. 71 7986812 wew.102 email: barbara.kramarzewska@wroclawskaedukacja.pl \u00a0 INTENDENT PRZEDSZKOLA: [&hellip;]<\/p>\n","protected":false},"author":15,"featured_media":0,"parent":0,"menu_order":0,"comment_status":"closed","ping_status":"closed","template":"","meta":{"ngg_post_thumbnail":0,"footnotes":""},"class_list":["post-69","page","type-page","status-publish","hentry","clearfix"],"_links":{"self":[{"href":"https:\/\/przedszkole74.edu.wroclaw.pl\/index.php\/wp-json\/wp\/v2\/pages\/69","targetHints":{"allow":["GET"]}}],"collection":[{"href":"https:\/\/przedszkole74.edu.wroclaw.pl\/index.php\/wp-json\/wp\/v2\/pages"}],"about":[{"href":"https:\/\/przedszkole74.edu.wroclaw.pl\/index.php\/wp-json\/wp\/v2\/types\/page"}],"author":[{"embeddable":true,"href":"https:\/\/przedszkole74.edu.wroclaw.pl\/index.php\/wp-json\/wp\/v2\/users\/15"}],"replies":[{"embeddable":true,"href":"https:\/\/przedszkole74.edu.wroclaw.pl\/index.php\/wp-json\/wp\/v2\/comments?post=69"}],"version-history":[{"count":7,"href":"https:\/\/przedszkole74.edu.wroclaw.pl\/index.php\/wp-json\/wp\/v2\/pages\/69\/revisions"}],"predecessor-version":[{"id":6795,"href":"https:\/\/przedszkole74.edu.wroclaw.pl\/index.php\/wp-json\/wp\/v2\/pages\/69\/revisions\/6795"}],"wp:attachment":[{"href":"https:\/\/przedszkole74.edu.wroclaw.pl\/index.php\/wp-json\/wp\/v2\/media?parent=69"}],"curies":[{"name":"wp","href":"https:\/\/api.w.org\/{rel}","templated":true}]}}