
{"id":576,"date":"2020-04-02T11:01:05","date_gmt":"2020-04-02T09:01:05","guid":{"rendered":"https:\/\/przedszkole74.edu.wroclaw.pl\/?page_id=576"},"modified":"2022-10-11T13:49:32","modified_gmt":"2022-10-11T11:49:32","slug":"logopeda","status":"publish","type":"page","link":"https:\/\/przedszkole74.edu.wroclaw.pl\/index.php\/o-nas\/grupy-2\/logopeda\/","title":{"rendered":"ZAJ\u0118CIA DODATKOWE"},"content":{"rendered":"<div class=\"wpb-content-wrapper\"><p>[vc_row][vc_column][vc_column_text]<\/p>\r\n<div class=\"wp-block-group\"><div class=\"wp-block-group__inner-container\">\r\n<div class=\"wp-block-group__inner-container is-layout-flow wp-block-group-is-layout-flow\">\r\n<table style=\"border-collapse: collapse;width: 100%;height: 218px\">\r\n<tbody>\r\n<tr style=\"height: 42px\">\r\n<td style=\"width: 33.3333%;height: 42px\">Gimnastyka og\u00f3lnorozwojowa<\/td>\r\n<td style=\"width: 33.3333%;height: 42px\">mgr Ma\u0142gorzata Oleszko<\/td>\r\n<td style=\"width: 33.3333%;height: 42px\">poniedzia\u0142ek 9:00-11:00 \u015broda 9:00-11:00<\/td>\r\n<\/tr>\r\n<tr style=\"height: 22px\">\r\n<td style=\"width: 33.3333%;height: 22px\">J\u0119zyk angielski<\/td>\r\n<td style=\"width: 33.3333%;height: 22px\">mgr Magdalena Jenz<\/td>\r\n<td style=\"width: 33.3333%;height: 22px\">wtorek 10:00-12:00 czwartek 10:00-12:00<\/td>\r\n<\/tr>\r\n<tr style=\"height: 22px\">\r\n<td style=\"width: 33.3333%;height: 22px\">Logopeda<\/td>\r\n<td style=\"width: 33.3333%;height: 22px\">mgr El\u017cbieta Ula\u0144czyk<\/td>\r\n<td style=\"width: 33.3333%;height: 22px\">poniedzia\u0142ek wtorek\u00a0 8:00-14:00<\/td>\r\n<\/tr>\r\n<tr>\r\n<td style=\"width: 33.3333%\">Pedagog specjalny<\/td>\r\n<td style=\"width: 33.3333%\">mgr Karina Nieborowska<\/td>\r\n<td style=\"width: 33.3333%\">\u00a0<\/td>\r\n<\/tr>\r\n<tr>\r\n<td style=\"width: 33.3333%\">Rytmika<\/td>\r\n<td style=\"width: 33.3333%\">mgr Julia Szybowska<\/td>\r\n<td style=\"width: 33.3333%\">czwartek 9:00-11:00<\/td>\r\n<\/tr>\r\n<tr>\r\n<td style=\"width: 33.3333%\">Mali Wspaniali<\/td>\r\n<td style=\"width: 33.3333%\">\u00a0<\/td>\r\n<td style=\"width: 33.3333%\">pi\u0105tek 9:00-11:00<\/td>\r\n<\/tr>\r\n<tr>\r\n<td style=\"width: 33.3333%\">\u00a0<\/td>\r\n<td style=\"width: 33.3333%\">\u00a0<\/td>\r\n<td style=\"width: 33.3333%\">\u00a0<\/td>\r\n<\/tr>\r\n<tr style=\"height: 22px\">\r\n<td style=\"width: 33.3333%;height: 22px\">\u00a0<\/td>\r\n<td style=\"width: 33.3333%;height: 22px\">\u00a0<\/td>\r\n<td style=\"width: 33.3333%;height: 22px\">\u00a0<\/td>\r\n<\/tr>\r\n<tr style=\"height: 22px\">\r\n<td style=\"width: 33.3333%;height: 22px\">\u00a0<\/td>\r\n<td style=\"width: 33.3333%;height: 22px\">\u00a0<\/td>\r\n<td style=\"width: 33.3333%;height: 22px\">\u00a0<\/td>\r\n<\/tr>\r\n<\/tbody>\r\n<\/table>\r\n<p><\/p>\r\n<\/div>\r\n<\/div><\/div>\r\n\r\n<p>&nbsp;<\/p>\r\n\r\n<p>&nbsp;<\/p>\r\n\r\n<p>&nbsp;<\/p>\r\n<p>[\/vc_column_text][\/vc_column][\/vc_row]<\/p><\/div>","protected":false},"excerpt":{"rendered":"<p>[vc_row][vc_column][vc_column_text] Gimnastyka og\u00f3lnorozwojowa mgr Ma\u0142gorzata Oleszko poniedzia\u0142ek 9:00-11:00 \u015broda 9:00-11:00 J\u0119zyk angielski mgr Magdalena Jenz wtorek 10:00-12:00 czwartek 10:00-12:00 Logopeda mgr El\u017cbieta Ula\u0144czyk poniedzia\u0142ek wtorek\u00a0 8:00-14:00 Pedagog specjalny mgr Karina [&hellip;]<\/p>\n","protected":false},"author":72,"featured_media":0,"parent":131,"menu_order":0,"comment_status":"closed","ping_status":"closed","template":"","meta":{"ngg_post_thumbnail":0,"footnotes":""},"class_list":["post-576","page","type-page","status-publish","hentry","clearfix"],"_links":{"self":[{"href":"https:\/\/przedszkole74.edu.wroclaw.pl\/index.php\/wp-json\/wp\/v2\/pages\/576","targetHints":{"allow":["GET"]}}],"collection":[{"href":"https:\/\/przedszkole74.edu.wroclaw.pl\/index.php\/wp-json\/wp\/v2\/pages"}],"about":[{"href":"https:\/\/przedszkole74.edu.wroclaw.pl\/index.php\/wp-json\/wp\/v2\/types\/page"}],"author":[{"embeddable":true,"href":"https:\/\/przedszkole74.edu.wroclaw.pl\/index.php\/wp-json\/wp\/v2\/users\/72"}],"replies":[{"embeddable":true,"href":"https:\/\/przedszkole74.edu.wroclaw.pl\/index.php\/wp-json\/wp\/v2\/comments?post=576"}],"version-history":[{"count":21,"href":"https:\/\/przedszkole74.edu.wroclaw.pl\/index.php\/wp-json\/wp\/v2\/pages\/576\/revisions"}],"predecessor-version":[{"id":6799,"href":"https:\/\/przedszkole74.edu.wroclaw.pl\/index.php\/wp-json\/wp\/v2\/pages\/576\/revisions\/6799"}],"up":[{"embeddable":true,"href":"https:\/\/przedszkole74.edu.wroclaw.pl\/index.php\/wp-json\/wp\/v2\/pages\/131"}],"wp:attachment":[{"href":"https:\/\/przedszkole74.edu.wroclaw.pl\/index.php\/wp-json\/wp\/v2\/media?parent=576"}],"curies":[{"name":"wp","href":"https:\/\/api.w.org\/{rel}","templated":true}]}}