
{"id":148,"date":"2019-06-14T09:42:59","date_gmt":"2019-06-14T07:42:59","guid":{"rendered":"https:\/\/przedszkole74.edu.wroclaw.pl\/?page_id=148"},"modified":"2022-10-27T12:15:07","modified_gmt":"2022-10-27T10:15:07","slug":"galeria","status":"publish","type":"page","link":"https:\/\/przedszkole74.edu.wroclaw.pl\/index.php\/galeria\/","title":{"rendered":"Galeria"},"content":{"rendered":"<div class=\"wpb-content-wrapper\"><p>[vc_row][vc_column][vc_gallery type=&#8221;image_grid&#8221; images=&#8221;6860,6861,6862,6863,6864,6865&#8243; title=&#8221;Zdrowa Misja -warsztaty w ramach projektu&#8221;][vc_gallery type=&#8221;image_grid&#8221; images=&#8221;6852,6853,6854,6855,6856,6857&#8243; title=&#8221;Warsztaty w bibliotece im. M. H\u0142aski ul. Reja&#8221;][vc_gallery type=&#8221;image_grid&#8221; images=&#8221;6846,6847&#8243; title=&#8221;Bezpieczny przedszkolak -spotkanie z policjantem&#8221;][vc_gallery type=&#8221;image_grid&#8221; images=&#8221;6843,6844,6842&#8243; title=&#8221;Profilaktyka pr\u00f3chnicy z\u0119b\u00f3w -spotkanie z dentystkami w ramach projektu&#8221;][vc_gallery type=&#8221;image_grid&#8221; images=&#8221;6849,6850,6838,6839,6840&#8243; title=&#8221;\u015awi\u0119to Drzewa pa\u017adziernik 2022&#8243;][vc_gallery type=&#8221;image_grid&#8221; images=&#8221;6833,6834,6835,6836,6837&#8243; title=&#8221;Ma\u0142y Ratownik -spotkanie ze stra\u017cnikiem miejskim pa\u017adziernik 2022&#8243;][vc_gallery type=&#8221;image_grid&#8221; images=&#8221;6830,6829,6828&#8243; title=&#8221;Spotkanie z muzyk\u0105 pa\u017adziernik 2022&#8243;][vc_gallery type=&#8221;image_grid&#8221; images=&#8221;6603,6604,6605,6606,6607,6608,6609,6610,6611,6612,6613,6614,6615,6616,6617&#8243; title=&#8221;Spotkanie z muzyk\u0105 -puzon&#8221;][vc_gallery type=&#8221;image_grid&#8221; images=&#8221;6597,6598,6599,6600,6601&#8243; title=&#8221;Pi\u0119kna jesie\u0144 w naszym ogrodzie&#8221;][vc_gallery type=&#8221;image_grid&#8221; images=&#8221;6009,6010,6011,6012,6013,6014,6015,6016,6017,6018,6019,6020,6021,6022,6023,6024,6025,6026,6027,6028,6029,6030,6031,6032,6033,6034,6035,6036,6037,6038,6039,6040,6041,6042,6043,6044,6045,6046,6047,6048,6049,6050,6051,6052,6053,6054,6055,6056,6057,6058,6059,6060,6061,6062,6063,6064,6065,6066,6067,6068,6069,6070,6071,6072,6073,6074,6075,6076,6077,6078,6079,6080,6081,6082,6083,6084,6085,6086,6087,6088,6089,6090,6091,6092,6093,6094,6095,6096,6097,6098,6099,6100,6101,6102,6103,6104,6105,6106,6107,6108,6109,6110,6111,6112,6113,6114&#8243; title=&#8221;Dzie\u0144 Przedszkolaka 20.09.2021&#8243;][vc_images_carousel images=&#8221;5337,5338,5339,5340,5341,5342,5343,5344,5345,5346,5347,5348,5349,5350,5351,5352,5353,5354,5355,5356,5357,5358&#8243; title=&#8221;Bajkow\u00f3z w przedszkolu -Trzy \u015awinki 12.05.2021&#8243;][vc_images_carousel images=&#8221;5301,5302,5303,5304,5305,5306,5307,5308,5309,5310,5311,5312,5313,5314,5315,5316,5317,5318,5319,5320,5321&#8243; title=&#8221;Spotkanie z muzyk\u0105 14.05.2021&#8243;][vc_gallery type=&#8221;image_grid&#8221; images=&#8221;4940,4941,4942,4943,4944,4945,4946,4947,4948,4949&#8243; onclick=&#8221;img_link_large&#8221; custom_links_target=&#8221;_blank&#8221; title=&#8221;Wiosna&#8221;][vc_gallery type=&#8221;image_grid&#8221; images=&#8221;4397,4398,4399,4400,4401,4402,4403,4404,4405,4406,4407,4408,4409,4410,4411,4412,4413,4414,4415&#8243; onclick=&#8221;img_link_large&#8221; custom_links_target=&#8221;_blank&#8221; title=&#8221;Spotkanie z muzyk\u0105 12.02.2021&#8243;][vc_gallery type=&#8221;image_grid&#8221; images=&#8221;3678,3679,3680,3681,3682,3683,3684,3685,3686,3687,3688,3689,3690,3691,3692,3693,3694,3695,3696,3697,3698,3699,3700,3701,3702,3703,3704,3705,3706,3707,3708,3709,3710,3711,3712,3713,3714&#8243; onclick=&#8221;img_link_large&#8221; custom_links_target=&#8221;_blank&#8221; title=&#8221;Spotkanie z muzyk\u0105 15.01.2021&#8243;][vc_single_image image=&#8221;202&#8243; img_size=&#8221;large&#8221; alignment=&#8221;center&#8221; style=&#8221;vc_box_shadow&#8221; title=&#8221;Miko\u0142aj 06.12.2017&#8243;][vc_single_image image=&#8221;206&#8243; img_size=&#8221;large&#8221; alignment=&#8221;center&#8221; style=&#8221;vc_box_border&#8221; title=&#8221;Pieczemy \u015bwi\u0105teczne pierniczki 05.12.2017&#8243;][vc_single_image image=&#8221;203&#8243; img_size=&#8221;large&#8221; alignment=&#8221;center&#8221; style=&#8221;vc_box_border&#8221; title=&#8221;Pasowanie na przedszkolaka 21.11.2017&#8243;][vc_single_image image=&#8221;205&#8243; img_size=&#8221;large&#8221; alignment=&#8221;center&#8221; style=&#8221;vc_box_border&#8221; title=&#8221;Andrzejkowe czary mary 29.11.2017&#8243;][vc_single_image image=&#8221;204&#8243; img_size=&#8221;large&#8221; alignment=&#8221;center&#8221; style=&#8221;vc_box_border&#8221; title=&#8221;\u015awiatowy dzie\u0144 pluszowego misia 25.11.2017&#8243;][vc_single_image image=&#8221;207&#8243; img_size=&#8221;large&#8221; alignment=&#8221;center&#8221; style=&#8221;vc_box_border&#8221; title=&#8221;Dzie\u0144 Niepodleg\u0142o\u015bci 10.11.2017&#8243;][vc_single_image image=&#8221;208&#8243; img_size=&#8221;large&#8221; alignment=&#8221;center&#8221; style=&#8221;vc_box_border&#8221; title=&#8221;Tydzie\u0144 edukacji globalnej Listopad 2017&#8243;][vc_single_image image=&#8221;209&#8243; img_size=&#8221;large&#8221; alignment=&#8221;center&#8221; style=&#8221;vc_box_border&#8221; title=&#8221;Bal &#8222;Jesie\u0144 na weso\u0142o&#8222; 27.10.2017&#8243;][\/vc_column][\/vc_row][vc_row][vc_column][\/vc_column][\/vc_row]<\/p>\n<\/div>","protected":false},"excerpt":{"rendered":"<p>[vc_row][vc_column][vc_gallery type=&#8221;image_grid&#8221; images=&#8221;6860,6861,6862,6863,6864,6865&#8243; title=&#8221;Zdrowa Misja -warsztaty w ramach projektu&#8221;][vc_gallery type=&#8221;image_grid&#8221; images=&#8221;6852,6853,6854,6855,6856,6857&#8243; title=&#8221;Warsztaty w bibliotece im. M. H\u0142aski ul. Reja&#8221;][vc_gallery type=&#8221;image_grid&#8221; images=&#8221;6846,6847&#8243; title=&#8221;Bezpieczny przedszkolak -spotkanie z policjantem&#8221;][vc_gallery type=&#8221;image_grid&#8221; images=&#8221;6843,6844,6842&#8243; title=&#8221;Profilaktyka pr\u00f3chnicy [&hellip;]<\/p>\n","protected":false},"author":99,"featured_media":0,"parent":0,"menu_order":0,"comment_status":"closed","ping_status":"closed","template":"","meta":{"ngg_post_thumbnail":0,"footnotes":""},"class_list":["post-148","page","type-page","status-publish","hentry","clearfix"],"_links":{"self":[{"href":"https:\/\/przedszkole74.edu.wroclaw.pl\/index.php\/wp-json\/wp\/v2\/pages\/148","targetHints":{"allow":["GET"]}}],"collection":[{"href":"https:\/\/przedszkole74.edu.wroclaw.pl\/index.php\/wp-json\/wp\/v2\/pages"}],"about":[{"href":"https:\/\/przedszkole74.edu.wroclaw.pl\/index.php\/wp-json\/wp\/v2\/types\/page"}],"author":[{"embeddable":true,"href":"https:\/\/przedszkole74.edu.wroclaw.pl\/index.php\/wp-json\/wp\/v2\/users\/99"}],"replies":[{"embeddable":true,"href":"https:\/\/przedszkole74.edu.wroclaw.pl\/index.php\/wp-json\/wp\/v2\/comments?post=148"}],"version-history":[{"count":27,"href":"https:\/\/przedszkole74.edu.wroclaw.pl\/index.php\/wp-json\/wp\/v2\/pages\/148\/revisions"}],"predecessor-version":[{"id":6866,"href":"https:\/\/przedszkole74.edu.wroclaw.pl\/index.php\/wp-json\/wp\/v2\/pages\/148\/revisions\/6866"}],"wp:attachment":[{"href":"https:\/\/przedszkole74.edu.wroclaw.pl\/index.php\/wp-json\/wp\/v2\/media?parent=148"}],"curies":[{"name":"wp","href":"https:\/\/api.w.org\/{rel}","templated":true}]}}