
{"id":140,"date":"2019-06-10T22:06:49","date_gmt":"2019-06-10T20:06:49","guid":{"rendered":"https:\/\/przedszkole74.edu.wroclaw.pl\/?page_id=140"},"modified":"2026-03-09T12:03:33","modified_gmt":"2026-03-09T11:03:33","slug":"rekrutacja","status":"publish","type":"page","link":"https:\/\/przedszkole74.edu.wroclaw.pl\/index.php\/aktualnosci\/rekrutacja\/","title":{"rendered":"Rekrutacja 2026\/2027"},"content":{"rendered":"<div class=\"wpb-content-wrapper\"><p>[vc_row][vc_column][vc_column_text css=&#8221;&#8221;]REKRUTACJA NA ROK SZKOLNY 2026\/2027<\/p>\n<p>&nbsp;<\/p>\n<p><span style=\"font-size: 18pt\"><a href=\"https:\/\/www.youtube.com\/watch?v=EyPghRVN990\" target=\"_blank\" rel=\"noopener\">WIRTUALNY SPACER PO NASZYM PRZEDSZKOLU<\/a><\/span><\/p>\n<p>OBECNIE W NASZEJ PLAC\u00d3WCE ODBYWA SI\u0118 REMONT DACHU I ELEWACJI. WE WRZESNIU POWITAMY DZIECI W PI\u0118KNYM BUDYNKU PRZEDSZKOLNYM.<\/p>\n<p>&nbsp;<\/p>\n<p data-start=\"85\" data-end=\"337\"><strong><span style=\"color: #0000ff;font-size: 18pt\">Osoby zainteresowane naszym przedszkolem serdecznie zapraszamy do odwiedzenia plac\u00f3wki w godzinach jej otwarcia. Podczas wizyty ch\u0119tnie przedstawimy ofert\u0119 przedszkola oraz odpowiemy na wszystkie pytania dotycz\u0105ce organizacji, zaj\u0119\u0107 i zasad rekrutacji.<\/span><\/strong><\/p>\n<p data-start=\"339\" data-end=\"496\"><strong><span style=\"color: #0000ff;font-size: 18pt\">Aby zapewni\u0107 mo\u017cliwo\u015b\u0107 rozmowy z osob\u0105 kompetentn\u0105 do udzielenia szczeg\u00f3\u0142owych informacji, prosimy o wcze\u015bniejszy kontakt telefoniczny i um\u00f3wienie spotkania.<\/span><\/strong><\/p>\n<p data-start=\"339\" data-end=\"496\"><strong><span style=\"color: #0000ff;font-size: 18pt\">UDZIELAMY INFORMACJI R\u00d3WNIE\u017b TELEFONICZNIE.<\/span><\/strong><\/p>\n<p data-start=\"498\" data-end=\"539\"><strong><span style=\"color: #0000ff;font-size: 18pt\">\ud83d\udcde Kontakt telefoniczny: 71 798 68 12<\/span><\/strong><\/p>\n<p><span style=\"color: #ff0000\"><strong><span style=\"font-size: 18pt\">DNIA 5 MARCA W GODZ. 9.30-11.00 ODB\u0118DZIE SI\u0118\u00a0 DZIE\u0143 OTWARTY W NASZYM PRZEDSZKOLU. ZAPRASZAMY WSZYSTKICH ZAINTERSOWANYCH (DZIECI WRAZ Z RODZICAMI LUB OPIEKUNAMI) NA ZABAW\u0118 I POZNANIE NASZEGO PRZEDSZKOLA. PROSIMY, ABY DZIECI MIA\u0141Y Z SOB\u0104 OBUWIE ZMIENNE. CZEKAMY NA WAS!<\/span><\/strong><\/span><\/p>\n<p><span style=\"font-size: 18pt\"><a href=\"https:\/\/rekrutacje.edu.wroclaw.pl\/switcher-public\/?_gl=1*194dj4o*_gcl_au*NTAxMzc2MTIxLjE3Njk1ODg3MjM.*_ga*ODA3ODc1NTk4LjE3Njk1ODg3MjQ.*_ga_WG9FCLZLRJ*czE3NzAyOTUxMzQkbzM2JGcwJHQxNzcwMjk1MTM0JGo2MCRsMCRoMA..\">REKRUTACJA 2026\/2027<\/a><\/span><\/p>\n<p><span style=\"font-size: 18pt\"><a href=\"https:\/\/www.wroclaw.pl\/dla-mieszkanca\/logowanie-do-systemu-rekrutacja-do-szkol-i-przedszkoli-we-wroclawiu\">WA\u017bNE INFORMACJE!!!<\/a><\/span><\/p>\n<p><span style=\"font-size: 18pt\"><a href=\"https:\/\/przedszkole74.edu.wroclaw.pl\/wp-content\/uploads\/sites\/40\/2026\/02\/BIULETYN-INFORMACYJNY.pdf\">BIULETYN INFORMACYJNY<\/a><\/span>[\/vc_column_text][\/vc_column][\/vc_row][vc_row][vc_column][\/vc_column][\/vc_row]<\/p>\n<\/div>","protected":false},"excerpt":{"rendered":"<p>[vc_row][vc_column][vc_column_text css=&#8221;&#8221;]REKRUTACJA NA ROK SZKOLNY 2026\/2027 &nbsp; WIRTUALNY SPACER PO NASZYM PRZEDSZKOLU OBECNIE W NASZEJ PLAC\u00d3WCE ODBYWA SI\u0118 REMONT DACHU I ELEWACJI. WE WRZESNIU POWITAMY DZIECI W PI\u0118KNYM BUDYNKU PRZEDSZKOLNYM. [&hellip;]<\/p>\n","protected":false},"author":99,"featured_media":305,"parent":30,"menu_order":0,"comment_status":"closed","ping_status":"closed","template":"","meta":{"ngg_post_thumbnail":0,"footnotes":""},"class_list":["post-140","page","type-page","status-publish","has-post-thumbnail","hentry","clearfix"],"_links":{"self":[{"href":"https:\/\/przedszkole74.edu.wroclaw.pl\/index.php\/wp-json\/wp\/v2\/pages\/140","targetHints":{"allow":["GET"]}}],"collection":[{"href":"https:\/\/przedszkole74.edu.wroclaw.pl\/index.php\/wp-json\/wp\/v2\/pages"}],"about":[{"href":"https:\/\/przedszkole74.edu.wroclaw.pl\/index.php\/wp-json\/wp\/v2\/types\/page"}],"author":[{"embeddable":true,"href":"https:\/\/przedszkole74.edu.wroclaw.pl\/index.php\/wp-json\/wp\/v2\/users\/99"}],"replies":[{"embeddable":true,"href":"https:\/\/przedszkole74.edu.wroclaw.pl\/index.php\/wp-json\/wp\/v2\/comments?post=140"}],"version-history":[{"count":92,"href":"https:\/\/przedszkole74.edu.wroclaw.pl\/index.php\/wp-json\/wp\/v2\/pages\/140\/revisions"}],"predecessor-version":[{"id":7065,"href":"https:\/\/przedszkole74.edu.wroclaw.pl\/index.php\/wp-json\/wp\/v2\/pages\/140\/revisions\/7065"}],"up":[{"embeddable":true,"href":"https:\/\/przedszkole74.edu.wroclaw.pl\/index.php\/wp-json\/wp\/v2\/pages\/30"}],"wp:featuredmedia":[{"embeddable":true,"href":"https:\/\/przedszkole74.edu.wroclaw.pl\/index.php\/wp-json\/wp\/v2\/media\/305"}],"wp:attachment":[{"href":"https:\/\/przedszkole74.edu.wroclaw.pl\/index.php\/wp-json\/wp\/v2\/media?parent=140"}],"curies":[{"name":"wp","href":"https:\/\/api.w.org\/{rel}","templated":true}]}}