
{"id":108,"date":"2019-05-21T21:16:34","date_gmt":"2019-05-21T19:16:34","guid":{"rendered":"https:\/\/przedszkole74.edu.wroclaw.pl\/?page_id=108"},"modified":"2020-03-27T16:58:47","modified_gmt":"2020-03-27T15:58:47","slug":"hymn","status":"publish","type":"page","link":"https:\/\/przedszkole74.edu.wroclaw.pl\/index.php\/o-nas\/hymn\/","title":{"rendered":"Hymn"},"content":{"rendered":"\n<p><span style=\"color: #319439;font-family: Tahoma\">CHO\u0106 PROSTO ID\u0118 ULICA KRZYWA\u00a0<br \/>CO DZIE\u0143 PRZEDE MN\u0104 SI\u0118 ODKRYWA\u00a0<br \/>PRZY NIEJ PRZEDSZKOLE\u00a0<br \/>DOM OTWARTY NUMER 74 -TY\u00a0<br \/>A W \u015aRODKU MI\u0141E PANIE I DZIECI\u00a0<br \/>W OGRODZIE ZAWSZE S\u0141ONECZKO \u015aWIECI\u00a0<br \/>WI\u0118C \u017bEGNAJ BABCIU\u00a0<br \/>PA PA PA MAMO\u00a0<br \/>TY WIESZ \u017bE WOL\u0118 ZOSTA\u0106 TU SAMO.\u00a0<br \/><br \/><\/span><span style=\"color: #317bad;font-family: Tahoma\">WSZELKICH RADO\u015aCI NAM DOSTARCZY\u00a0<br \/>NASZE PRZEDSZKOLE &#8222;MA\u0141Y PIEKARCZYK&#8221;\u00a0<br \/>TU JEST ZABAWA I NAUKA\u00a0<br \/>TUTAJ PRZYJACI\u00d3\u0141 MO\u017bNA POSZUKA\u0106\u00a0<br \/>TUTAJ WI\u0104\u017bEMY SZNUR\u00d3WKI W BUTACH\u00a0<br \/>I ZAJADAMY CHLEBEK Z &#8230; &#8222;MAMUTA&#8221;\u00a0<br \/>RUMIANE BUZIE JAK JAB\u0141USZKA\u00a0<br \/>KIEDY PO DRZEMCE WSTAJEMY Z \u0141\u00d3\u017bKA\u00a0<br \/>ROZWI\u0104ZUJEMY PROBLEMY PIERWSZE\u00a0<br \/>DZI\u0118KI DYREKTOR U\u015aMIECHNI\u0118TEJ.\u00a0<\/span><span style=\"color: #319439;font-family: Tahoma\"><br \/><br \/>W PRZEDSZKOLU LICZN\u0104 MAMY RODZIN\u0118\u00a0<br \/>MISIE I LALKI, B\u0104K NA SPR\u0118\u017bYNIE.\u00a0<br \/>MIESZKAJ\u0104 W DOMKU Z KLOCK\u00d3W LEGO\u00a0<br \/>I NIE ZJADAJ\u0104 BYLE CZEGO.\u00a0<br \/>CZASEM ZE SMUTKIEM SI\u0118 \u017bEGNAMY\u00a0<br \/>DO JUTRA NIECIERPLIWIE CZEKAMY,\u00a0<br \/>BO TU Z U\u015aMIECHEM KA\u017bDY NAS WITA\u00a0<br \/>I ATMOSFERA JEST ZNAKOMITA.\u00a0<\/span><\/p>\n","protected":false},"excerpt":{"rendered":"<p>CHO\u0106 PROSTO ID\u0118 ULICA KRZYWA\u00a0CO DZIE\u0143 PRZEDE MN\u0104 SI\u0118 ODKRYWA\u00a0PRZY NIEJ PRZEDSZKOLE\u00a0DOM OTWARTY NUMER 74 -TY\u00a0A W \u015aRODKU MI\u0141E PANIE I DZIECI\u00a0W OGRODZIE ZAWSZE S\u0141ONECZKO \u015aWIECI\u00a0WI\u0118C \u017bEGNAJ BABCIU\u00a0PA PA PA [&hellip;]<\/p>\n","protected":false},"author":99,"featured_media":0,"parent":69,"menu_order":5,"comment_status":"closed","ping_status":"closed","template":"","meta":{"ngg_post_thumbnail":0,"footnotes":""},"class_list":["post-108","page","type-page","status-publish","hentry","clearfix"],"_links":{"self":[{"href":"https:\/\/przedszkole74.edu.wroclaw.pl\/index.php\/wp-json\/wp\/v2\/pages\/108","targetHints":{"allow":["GET"]}}],"collection":[{"href":"https:\/\/przedszkole74.edu.wroclaw.pl\/index.php\/wp-json\/wp\/v2\/pages"}],"about":[{"href":"https:\/\/przedszkole74.edu.wroclaw.pl\/index.php\/wp-json\/wp\/v2\/types\/page"}],"author":[{"embeddable":true,"href":"https:\/\/przedszkole74.edu.wroclaw.pl\/index.php\/wp-json\/wp\/v2\/users\/99"}],"replies":[{"embeddable":true,"href":"https:\/\/przedszkole74.edu.wroclaw.pl\/index.php\/wp-json\/wp\/v2\/comments?post=108"}],"version-history":[{"count":1,"href":"https:\/\/przedszkole74.edu.wroclaw.pl\/index.php\/wp-json\/wp\/v2\/pages\/108\/revisions"}],"predecessor-version":[{"id":109,"href":"https:\/\/przedszkole74.edu.wroclaw.pl\/index.php\/wp-json\/wp\/v2\/pages\/108\/revisions\/109"}],"up":[{"embeddable":true,"href":"https:\/\/przedszkole74.edu.wroclaw.pl\/index.php\/wp-json\/wp\/v2\/pages\/69"}],"wp:attachment":[{"href":"https:\/\/przedszkole74.edu.wroclaw.pl\/index.php\/wp-json\/wp\/v2\/media?parent=108"}],"curies":[{"name":"wp","href":"https:\/\/api.w.org\/{rel}","templated":true}]}}